{"id":14,"date":"2023-02-06T18:57:08","date_gmt":"2023-02-06T17:57:08","guid":{"rendered":"http:\/\/sarljaouen.fr\/index.php\/front-page\/"},"modified":"2023-02-07T17:36:09","modified_gmt":"2023-02-07T16:36:09","slug":"front-page","status":"publish","type":"page","link":"https:\/\/sarljaouen.fr\/","title":{"rendered":"Front Page"},"content":{"rendered":"<p>[vc_row][vc_column][vc_column_text]<\/p>\n<h2 style=\"text-align: center;\">Une question sur votre syst\u00e8me ?<\/h2>\n<h2 style=\"text-align: center;\">L&rsquo;\u00e9quipe Jaouen y a surement d\u00e9j\u00e0 r\u00e9pondu ci dessous.<\/h2>\n<p style=\"text-align: center;\">Vous ne trouvez pas votre r\u00e9ponse ? <a href=\"https:\/\/www.sarljaouen.com\/Contact\/\">Posez-nous votre question ici !<\/a><\/p>\n<p>[\/vc_column_text][\/vc_column][\/vc_row][vc_row][vc_column]<div id=\"accordion-10\" class=\"faqplus\"><h3>Question 1<\/h3><div><p><p>sDFVSQVQVQSDFV<img loading=\"lazy\" decoding=\"async\" class=\"alignnone size-medium wp-image-11\" src=\"https:\/\/sarljaouen.fr\/wp-content\/uploads\/2023\/02\/Sarl-Yann-Jaouen-Plombier-DouarnenezRGE8-300x263.jpg\" alt=\"\" width=\"300\" height=\"263\" srcset=\"https:\/\/sarljaouen.fr\/wp-content\/uploads\/2023\/02\/Sarl-Yann-Jaouen-Plombier-DouarnenezRGE8-300x263.jpg 300w, https:\/\/sarljaouen.fr\/wp-content\/uploads\/2023\/02\/Sarl-Yann-Jaouen-Plombier-DouarnenezRGE8.jpg 308w\" sizes=\"auto, (max-width: 300px) 100vw, 300px\" \/><\/p>\n<\/p><\/div><h3>QUESTION2<\/h3><div><p><\/p><\/div><h3>QUESTION 3<\/h3><div><p><\/p><\/div><h3>QUESTION 4<\/h3><div><p><\/p><\/div><h3>QUESTION 5<\/h3><div><p><\/p><\/div><h3><\/h3><div><p><\/p><\/div><\/div><script type=\"text\/javascript\">jQuery(document).ready(function() {jQuery( \"#accordion-10\" ).accordion({active: 0,animate: {easing: \"linear\", duration: 400},collapsible: true,icons: { \"header\": \"fa fa-angle-double-right\", \"activeHeader\": \"fa fa-angle-double-down\" },heightStyle: \"content\"});});<\/script>[\/vc_column][\/vc_row]<\/p>\n","protected":false},"excerpt":{"rendered":"<p>[vc_row][vc_column][vc_column_text] Une question sur votre syst\u00e8me ? L&rsquo;\u00e9quipe Jaouen y a surement d\u00e9j\u00e0 r\u00e9pondu ci dessous. Vous ne trouvez pas votre r\u00e9ponse ? Posez-nous votre question ici ! [\/vc_column_text][\/vc_column][\/vc_row][vc_row][vc_column][\/vc_column][\/vc_row]<\/p>\n","protected":false},"author":1,"featured_media":0,"parent":0,"menu_order":0,"comment_status":"closed","ping_status":"closed","template":"page-templates\/no-sidebar.php","meta":{"footnotes":""},"class_list":["post-14","page","type-page","status-publish","hentry"],"_links":{"self":[{"href":"https:\/\/sarljaouen.fr\/index.php\/wp-json\/wp\/v2\/pages\/14","targetHints":{"allow":["GET"]}}],"collection":[{"href":"https:\/\/sarljaouen.fr\/index.php\/wp-json\/wp\/v2\/pages"}],"about":[{"href":"https:\/\/sarljaouen.fr\/index.php\/wp-json\/wp\/v2\/types\/page"}],"author":[{"embeddable":true,"href":"https:\/\/sarljaouen.fr\/index.php\/wp-json\/wp\/v2\/users\/1"}],"replies":[{"embeddable":true,"href":"https:\/\/sarljaouen.fr\/index.php\/wp-json\/wp\/v2\/comments?post=14"}],"version-history":[{"count":7,"href":"https:\/\/sarljaouen.fr\/index.php\/wp-json\/wp\/v2\/pages\/14\/revisions"}],"predecessor-version":[{"id":70,"href":"https:\/\/sarljaouen.fr\/index.php\/wp-json\/wp\/v2\/pages\/14\/revisions\/70"}],"wp:attachment":[{"href":"https:\/\/sarljaouen.fr\/index.php\/wp-json\/wp\/v2\/media?parent=14"}],"curies":[{"name":"wp","href":"https:\/\/api.w.org\/{rel}","templated":true}]}}